{"id":388,"date":"2023-12-17T18:55:02","date_gmt":"2023-12-17T18:55:02","guid":{"rendered":"https:\/\/vocomemo.com\/?page_id=388"},"modified":"2024-01-17T11:57:22","modified_gmt":"2024-01-17T10:57:22","slug":"a-propos","status":"publish","type":"page","link":"https:\/\/vocomemo.com\/fr\/a-propos\/","title":{"rendered":"\u00c0 propos de nous"},"content":{"rendered":"\n<div class=\"wp-block-group alignfull has-ti-fg-alt-background-color has-background is-content-justification-center is-layout-constrained wp-block-group-is-layout-constrained\" style=\"margin-top:0;margin-bottom:0;padding-top:75px;padding-bottom:75px\">\n<h2 class=\"wp-block-heading has-text-align-center has-ti-fg-color has-text-color has-link-color has-inter-font-family wp-elements-e4b530c4fce1b5c811c471a3eea64bcd\" style=\"font-size:clamp(33.419px, 2.089rem + ((1vw - 3.2px) * 3.242), 60px);font-style:normal;font-weight:700\">Notre \u00e9quipe<\/h2>\n\n\n\n<div style=\"height:35px\" aria-hidden=\"true\" class=\"wp-block-spacer\"><\/div>\n\n\n\n<p class=\"justify-text has-text-align-center has-inter-font-family\" style=\"font-size:clamp(15.747px, 0.984rem + ((1vw - 3.2px) * 1.006), 24px);line-height:1.4\">Notre \u00e9quipe s&#8217;est form\u00e9e autour d&#8217;un programme pluridisciplinaire entre l&#8217;Universit\u00e9 libre de Bruxelles et l\u2019\u00c9cole Nationale Sup\u00e9rieur des Arts Visuels de la Cambre. Le programme Triaxes+ r\u00e9unit des \u00e9tudiants en ing\u00e9nierie, en design industriel en business et en droit autour de projets \u00e0 probl\u00e9matiques \u00e9cologiques et sociales. <\/p>\n\n\n\n<div style=\"height:84px\" aria-hidden=\"true\" class=\"wp-block-spacer\"><\/div>\n\n\n\n<div class=\"wp-block-columns alignwide is-layout-flex wp-container-core-columns-is-layout-90715821 wp-block-columns-is-layout-flex\" style=\"padding-right:0;padding-left:0\">\n<div class=\"wp-block-column is-layout-flow wp-block-column-is-layout-flow\">\n<figure class=\"wp-block-image aligncenter size-large is-resized has-custom-border\"><img fetchpriority=\"high\" decoding=\"async\" width=\"1024\" height=\"1020\" src=\"https:\/\/vocomemo.com\/wp-content\/uploads\/2023\/12\/photo-tanguy-2-1024x1020.jpg\" alt=\"\" class=\"wp-image-1105\" style=\"border-radius:10px;object-fit:cover;width:209px;height:auto\" srcset=\"https:\/\/vocomemo.com\/wp-content\/uploads\/2023\/12\/photo-tanguy-2-1024x1020.jpg 1024w, https:\/\/vocomemo.com\/wp-content\/uploads\/2023\/12\/photo-tanguy-2-300x300.jpg 300w, https:\/\/vocomemo.com\/wp-content\/uploads\/2023\/12\/photo-tanguy-2-150x150.jpg 150w, https:\/\/vocomemo.com\/wp-content\/uploads\/2023\/12\/photo-tanguy-2-768x765.jpg 768w, https:\/\/vocomemo.com\/wp-content\/uploads\/2023\/12\/photo-tanguy-2-1536x1530.jpg 1536w, https:\/\/vocomemo.com\/wp-content\/uploads\/2023\/12\/photo-tanguy-2-2048x2039.jpg 2048w, https:\/\/vocomemo.com\/wp-content\/uploads\/2023\/12\/photo-tanguy-2-12x12.jpg 12w, https:\/\/vocomemo.com\/wp-content\/uploads\/2023\/12\/photo-tanguy-2-600x597.jpg 600w, https:\/\/vocomemo.com\/wp-content\/uploads\/2023\/12\/photo-tanguy-2-100x100.jpg 100w\" sizes=\"(max-width: 1024px) 100vw, 1024px\" \/><\/figure>\n\n\n\n<h2 class=\"wp-block-heading has-text-align-center\" style=\"font-size:clamp(14px, 0.875rem + ((1vw - 3.2px) * 0.732), 20px);\">Tanguy De Saffel<\/h2>\n\n\n\n<p class=\"justify-text has-text-align-left has-ti-fg-color has-text-color has-link-color has-inter-font-family wp-elements-e881ec17621ecc22feb36dc787e04fa0\" style=\"padding-right:0;padding-left:0;font-size:clamp(14px, 0.875rem + ((1vw - 3.2px) * 0.488), 18px);line-height:1.4\">Tanguy est le pilier commercial et financier de notre projet, \u0153uvrant \u00e0 concr\u00e9tiser nos ambitions tout en gardant un \u0153il attentif sur la viabilit\u00e9 et la comp\u00e9titivit\u00e9 sur le march\u00e9.<\/p>\n<\/div>\n\n\n\n<div class=\"wp-block-column is-layout-flow wp-block-column-is-layout-flow\" style=\"flex-basis:40px\"><\/div>\n\n\n\n<div class=\"wp-block-column is-layout-flow wp-block-column-is-layout-flow\">\n<figure class=\"wp-block-image aligncenter size-large is-resized has-custom-border\"><img decoding=\"async\" width=\"1024\" height=\"1007\" src=\"https:\/\/vocomemo.com\/wp-content\/uploads\/2023\/12\/photo-clara-1024x1007.jpg\" alt=\"\" class=\"wp-image-1103\" style=\"border-radius:10px;aspect-ratio:1;object-fit:cover;width:209px;height:auto\" srcset=\"https:\/\/vocomemo.com\/wp-content\/uploads\/2023\/12\/photo-clara-1024x1007.jpg 1024w, https:\/\/vocomemo.com\/wp-content\/uploads\/2023\/12\/photo-clara-300x295.jpg 300w, https:\/\/vocomemo.com\/wp-content\/uploads\/2023\/12\/photo-clara-768x755.jpg 768w, https:\/\/vocomemo.com\/wp-content\/uploads\/2023\/12\/photo-clara-1536x1511.jpg 1536w, https:\/\/vocomemo.com\/wp-content\/uploads\/2023\/12\/photo-clara-2048x2015.jpg 2048w, https:\/\/vocomemo.com\/wp-content\/uploads\/2023\/12\/photo-clara-12x12.jpg 12w, https:\/\/vocomemo.com\/wp-content\/uploads\/2023\/12\/photo-clara-600x590.jpg 600w\" sizes=\"(max-width: 1024px) 100vw, 1024px\" \/><\/figure>\n\n\n\n<h2 class=\"wp-block-heading has-text-align-center\" style=\"font-size:clamp(14px, 0.875rem + ((1vw - 3.2px) * 0.732), 20px);\">Clara Martini<\/h2>\n\n\n\n<h2 class=\"justify-text wp-block-heading\" style=\"font-size:clamp(14px, 0.875rem + ((1vw - 3.2px) * 0.488), 18px);font-style:normal;font-weight:400\">Clara pilote la conception de nos produits avec une approche centr\u00e9e sur l&#8217;utilisateur, garantissant que nos solutions r\u00e9pondent de mani\u00e8re pratique et esth\u00e9tique aux besoins r\u00e9els de nos clients.<\/h2>\n<\/div>\n\n\n\n<div class=\"wp-block-column is-layout-flow wp-block-column-is-layout-flow\" style=\"flex-basis:40px\"><\/div>\n\n\n\n<div class=\"wp-block-column is-layout-flow wp-block-column-is-layout-flow\">\n<figure class=\"wp-block-image aligncenter size-large is-resized has-custom-border\"><img decoding=\"async\" width=\"1024\" height=\"1024\" src=\"https:\/\/vocomemo.com\/wp-content\/uploads\/2023\/12\/photo-lucas-1-1024x1024.jpeg\" alt=\"\" class=\"wp-image-1108\" style=\"border-radius:10px;object-fit:cover;width:208px;height:auto\" srcset=\"https:\/\/vocomemo.com\/wp-content\/uploads\/2023\/12\/photo-lucas-1-1024x1024.jpeg 1024w, https:\/\/vocomemo.com\/wp-content\/uploads\/2023\/12\/photo-lucas-1-300x300.jpeg 300w, https:\/\/vocomemo.com\/wp-content\/uploads\/2023\/12\/photo-lucas-1-150x150.jpeg 150w, https:\/\/vocomemo.com\/wp-content\/uploads\/2023\/12\/photo-lucas-1-768x768.jpeg 768w, https:\/\/vocomemo.com\/wp-content\/uploads\/2023\/12\/photo-lucas-1-1536x1536.jpeg 1536w\" sizes=\"(max-width: 1024px) 100vw, 1024px\" \/><\/figure>\n\n\n\n<h2 class=\"wp-block-heading has-text-align-center\" style=\"font-size:clamp(14px, 0.875rem + ((1vw - 3.2px) * 0.732), 20px);\">Lucas Prieels<\/h2>\n\n\n\n<p class=\"justify-text\" style=\"font-size:clamp(14px, 0.875rem + ((1vw - 3.2px) * 0.488), 18px);line-height:1.4\">Lucas apporte son expertise technique \u00e0 la conception de Vocomemo, veillant \u00e0 ce que chaque d\u00e9tail technique contribue \u00e0 la fiabilit\u00e9 et \u00e0 l&#8217;utilit\u00e9 de notre dispositif.<\/p>\n<\/div>\n<\/div>\n<\/div>\n\n\n\n<div class=\"wp-block-group is-layout-constrained wp-block-group-is-layout-constrained\" style=\"padding-bottom:var(--wp--preset--spacing--superbspacing-large)\">\n<hr class=\"wp-block-separator has-alpha-channel-opacity\"\/>\n\n\n\n<h2 class=\"wp-block-heading has-text-align-center has-text-color has-link-color has-inter-font-family wp-elements-290889316d542bc45a1f8291f625a853\" style=\"color:#bfbfbf;font-size:clamp(33.419px, 2.089rem + ((1vw - 3.2px) * 3.242), 60px);font-style:normal;font-weight:700\">Nos prix<\/h2>\n\n\n\n<div style=\"height:30px\" aria-hidden=\"true\" class=\"wp-block-spacer\"><\/div>\n\n\n\n<div class=\"wp-block-columns is-layout-flex wp-container-core-columns-is-layout-867338c4 wp-block-columns-is-layout-flex\" style=\"padding-right:0;padding-left:0\">\n<div class=\"wp-block-column is-vertically-aligned-top is-layout-flow wp-container-core-column-is-layout-b2a27621 wp-block-column-is-layout-flow\" style=\"padding-top:0;padding-right:0;padding-bottom:0;padding-left:0\">\n<figure class=\"wp-block-image aligncenter size-full is-resized\"><a href=\"https:\/\/www.jamesdysonaward.org\/2023\/project\/vocomemo-a-voice-recorder-against-alzheimers\/\"><img loading=\"lazy\" decoding=\"async\" width=\"700\" height=\"700\" src=\"https:\/\/vocomemo.com\/wp-content\/uploads\/2023\/12\/Capture-decran-2023-12-24-a-01.06.18-edited.png\" alt=\"\" class=\"wp-image-1084\" style=\"object-fit:contain;width:183px;height:183px\" srcset=\"https:\/\/vocomemo.com\/wp-content\/uploads\/2023\/12\/Capture-decran-2023-12-24-a-01.06.18-edited.png 700w, https:\/\/vocomemo.com\/wp-content\/uploads\/2023\/12\/Capture-decran-2023-12-24-a-01.06.18-edited-300x300.png 300w, https:\/\/vocomemo.com\/wp-content\/uploads\/2023\/12\/Capture-decran-2023-12-24-a-01.06.18-edited-150x150.png 150w, https:\/\/vocomemo.com\/wp-content\/uploads\/2023\/12\/Capture-decran-2023-12-24-a-01.06.18-edited-12x12.png 12w, https:\/\/vocomemo.com\/wp-content\/uploads\/2023\/12\/Capture-decran-2023-12-24-a-01.06.18-edited-600x600.png 600w, https:\/\/vocomemo.com\/wp-content\/uploads\/2023\/12\/Capture-decran-2023-12-24-a-01.06.18-edited-100x100.png 100w\" sizes=\"(max-width: 700px) 100vw, 700px\" \/><\/a><\/figure>\n\n\n\n<p class=\"has-text-align-center\">Laur\u00e9at national du concours de design et d&#8217;ing\u00e9nierie innovante James Dyson Award 2023<\/p>\n<\/div>\n\n\n\n<div class=\"wp-block-column is-layout-flow wp-container-core-column-is-layout-b2a27621 wp-block-column-is-layout-flow\" style=\"padding-top:0;padding-right:0;padding-bottom:0;padding-left:0\">\n<figure class=\"wp-block-image aligncenter size-full is-resized\"><a href=\"https:\/\/www.soshefestival.com\"><img loading=\"lazy\" decoding=\"async\" width=\"1178\" height=\"1178\" src=\"https:\/\/vocomemo.com\/wp-content\/uploads\/2023\/12\/Capture-decran-2023-12-24-a-01.03.56-edited.png\" alt=\"\" class=\"wp-image-1083\" style=\"object-fit:cover;width:183px;height:183px\" srcset=\"https:\/\/vocomemo.com\/wp-content\/uploads\/2023\/12\/Capture-decran-2023-12-24-a-01.03.56-edited.png 1178w, https:\/\/vocomemo.com\/wp-content\/uploads\/2023\/12\/Capture-decran-2023-12-24-a-01.03.56-edited-300x300.png 300w, https:\/\/vocomemo.com\/wp-content\/uploads\/2023\/12\/Capture-decran-2023-12-24-a-01.03.56-edited-1024x1024.png 1024w, https:\/\/vocomemo.com\/wp-content\/uploads\/2023\/12\/Capture-decran-2023-12-24-a-01.03.56-edited-150x150.png 150w, https:\/\/vocomemo.com\/wp-content\/uploads\/2023\/12\/Capture-decran-2023-12-24-a-01.03.56-edited-768x768.png 768w, https:\/\/vocomemo.com\/wp-content\/uploads\/2023\/12\/Capture-decran-2023-12-24-a-01.03.56-edited-12x12.png 12w, https:\/\/vocomemo.com\/wp-content\/uploads\/2023\/12\/Capture-decran-2023-12-24-a-01.03.56-edited-600x600.png 600w, https:\/\/vocomemo.com\/wp-content\/uploads\/2023\/12\/Capture-decran-2023-12-24-a-01.03.56-edited-100x100.png 100w\" sizes=\"(max-width: 1178px) 100vw, 1178px\" \/><\/a><\/figure>\n\n\n\n<p class=\"has-text-align-center\">Gagnant du prix du public lors du concours de pitch organis\u00e9 lors du SoShe Festival 2023<\/p>\n<\/div>\n<\/div>\n<\/div>\n","protected":false},"excerpt":{"rendered":"<p>Notre \u00e9quipe Notre \u00e9quipe s&#8217;est form\u00e9e autour d&#8217;un programme pluridisciplinaire entre l&#8217;Universit\u00e9 libre de Bruxelles et l\u2019\u00c9cole Nationale Sup\u00e9rieur des Arts Visuels de la Cambre. Le programme Triaxes+ r\u00e9unit des \u00e9tudiants en ing\u00e9nierie, en design industriel en business et en droit autour de projets \u00e0 probl\u00e9matiques \u00e9cologiques et sociales. Tanguy De Saffel Tanguy est le [&hellip;]<\/p>\n","protected":false},"author":1,"featured_media":0,"parent":0,"menu_order":0,"comment_status":"closed","ping_status":"closed","template":"","meta":{"nf_dc_page":"","footnotes":""},"class_list":["post-388","page","type-page","status-publish","hentry"],"_links":{"self":[{"href":"https:\/\/vocomemo.com\/fr\/wp-json\/wp\/v2\/pages\/388","targetHints":{"allow":["GET"]}}],"collection":[{"href":"https:\/\/vocomemo.com\/fr\/wp-json\/wp\/v2\/pages"}],"about":[{"href":"https:\/\/vocomemo.com\/fr\/wp-json\/wp\/v2\/types\/page"}],"author":[{"embeddable":true,"href":"https:\/\/vocomemo.com\/fr\/wp-json\/wp\/v2\/users\/1"}],"replies":[{"embeddable":true,"href":"https:\/\/vocomemo.com\/fr\/wp-json\/wp\/v2\/comments?post=388"}],"version-history":[{"count":4,"href":"https:\/\/vocomemo.com\/fr\/wp-json\/wp\/v2\/pages\/388\/revisions"}],"predecessor-version":[{"id":1195,"href":"https:\/\/vocomemo.com\/fr\/wp-json\/wp\/v2\/pages\/388\/revisions\/1195"}],"wp:attachment":[{"href":"https:\/\/vocomemo.com\/fr\/wp-json\/wp\/v2\/media?parent=388"}],"curies":[{"name":"wp","href":"https:\/\/api.w.org\/{rel}","templated":true}]}}